{"id":302,"date":"2015-01-14T09:19:14","date_gmt":"2015-01-14T08:19:14","guid":{"rendered":"https:\/\/andijah.wordpress.com\/?page_id=302"},"modified":"2025-03-11T10:25:07","modified_gmt":"2025-03-11T08:25:07","slug":"musik-music","status":"publish","type":"page","link":"https:\/\/andijah.eu\/index.php\/musik-music\/","title":{"rendered":"Musik &#8211; Music"},"content":{"rendered":"<p>Musik ist ein wichtiger Teil meines Lebens. Nach meinem Studium an der Hochschule f\u00fcr K\u00fcnste in Bremen und an der University of Surrey Roehampton habe ich in unterschiedlichen Bereichen gearbeitet und bin heute in Teilzeit als Musikerin t\u00e4tig.<\/p>\n<p>Ich spiele <a href=\"https:\/\/andijah.wordpress.com\/musik-music\/orgelmusik\/\">Kirchenorgel<\/a> und singe in einem Chor, f\u00fcr den ich auch die Leitung des Einsingens \u00fcbernommen habe. Au\u00dferdem unterrichte ich Stimmbildung und stehe als Klavier- und Orgelbegleiterin f\u00fcr Ch\u00f6re zur Verf\u00fcgung. Mitunter bin ich als Chordirigentin unterwegs.<br \/>\nBlogbeitr\u00e4ge, die sich mit musikalischen Dingen befassen, sind entsprechend kategorisiert.<\/p>\n<p>Ich freue mich \u00fcber Kontakte zu Musikern und S\u00e4ngern weltweit! Zu meinem Repertoire (Ausz\u00fcge) bitte zum Ende des englischen Texts gehen.<\/p>\n<p>Music is an important part of my life. After my training at music college, I worked in various fields and today I&#8217;m a part-time musician and teacher.<\/p>\n<p>I play the church organ and sing in a choir. For the choir, I also lead voice training sessions and I teach. I&#8217;m available as pianist\/organist to accompany choirs and singers and from time to time, I work as choir conductor.<\/p>\n<p>Blog entries referring to music and musical topics are categorized accordingly.<\/p>\n<p>I&#8217;m looking forward to meeting musicians and singers worldwide!<\/p>\n<h5>Repertoire (Auszug\/Excerpt):<\/h5>\n<ul>\n<li>J.S.Bach, Weihnachtsoratorium BWV 248. Chorsopran und Echosopran (Teil IV). Ch<em>oir soprano and echo soprano in part IV<\/em><\/li>\n<li>G. Rossini, Petite Messe Solenelle. Chorsopran und Solosopran. <em>Choir soprano and solo soprano<\/em><\/li>\n<li>M. Drischner, Weihnachtsgeschichte. Evangelistin und Chorsopran. Organistin. <em>Evangelist and choir soprano. Organist.<br \/>\n<\/em><\/li>\n<li>Pergolesi\/Durante, Magnificat. Sopran und Chorsopran. Continuo. <em>Soprano and choir soprano. Continuo.<\/em><\/li>\n<li><a href=\"https:\/\/andijah.wordpress.com\/musik-music\/orgelmusik\/\">Orgelmusik<\/a> aus 6 Jahrhunderten. <em>Organ music from 6 centuries<\/em><\/li>\n<\/ul>\n<p>&nbsp;<\/p>\n","protected":false},"excerpt":{"rendered":"<p>Musik ist ein wichtiger Teil meines Lebens. Nach meinem Studium an der Hochschule f\u00fcr K\u00fcnste in Bremen und an der University of Surrey Roehampton habe ich in unterschiedlichen Bereichen gearbeitet und bin heute in Teilzeit als Musikerin t\u00e4tig. Ich spiele &hellip; <a href=\"https:\/\/andijah.eu\/index.php\/musik-music\/\">Continue reading <span class=\"meta-nav\">&rarr;<\/span><\/a><\/p>\n","protected":false},"author":2,"featured_media":0,"parent":0,"menu_order":0,"comment_status":"closed","ping_status":"open","template":"","meta":{"footnotes":""},"class_list":["post-302","page","type-page","status-publish","hentry"],"_links":{"self":[{"href":"https:\/\/andijah.eu\/index.php\/wp-json\/wp\/v2\/pages\/302","targetHints":{"allow":["GET"]}}],"collection":[{"href":"https:\/\/andijah.eu\/index.php\/wp-json\/wp\/v2\/pages"}],"about":[{"href":"https:\/\/andijah.eu\/index.php\/wp-json\/wp\/v2\/types\/page"}],"author":[{"embeddable":true,"href":"https:\/\/andijah.eu\/index.php\/wp-json\/wp\/v2\/users\/2"}],"replies":[{"embeddable":true,"href":"https:\/\/andijah.eu\/index.php\/wp-json\/wp\/v2\/comments?post=302"}],"version-history":[{"count":1,"href":"https:\/\/andijah.eu\/index.php\/wp-json\/wp\/v2\/pages\/302\/revisions"}],"predecessor-version":[{"id":1244,"href":"https:\/\/andijah.eu\/index.php\/wp-json\/wp\/v2\/pages\/302\/revisions\/1244"}],"wp:attachment":[{"href":"https:\/\/andijah.eu\/index.php\/wp-json\/wp\/v2\/media?parent=302"}],"curies":[{"name":"wp","href":"https:\/\/api.w.org\/{rel}","templated":true}]}}