{"id":8,"date":"2011-12-28T15:57:30","date_gmt":"2011-12-28T15:57:30","guid":{"rendered":"http:\/\/andijah.wordpress.com\/?page_id=2"},"modified":"2011-12-28T15:57:30","modified_gmt":"2011-12-28T15:57:30","slug":"about","status":"publish","type":"page","link":"https:\/\/andijah.eu\/index.php\/about\/","title":{"rendered":"\u00dcber mich &#8211; About me"},"content":{"rendered":"<p>In aller K\u00fcrze:<br \/>\nMusikerin, Fachwerkhausrenoviererin, LKW-Liebhaberin, kreativ und mehrsprachig.<\/p>\n<p>Very short:<br \/>\nMusician, restoring an old house, loving trucks, and writing on various topics in German and English, sometimes other languages.<\/p>\n<p>Quelquefois je parle fran\u00e7ais.<\/p>\n<p>Og \u00e9g tala sm\u00e1 \u00edslensku.<\/p>\n<p>Ein wenig mehr:<br \/>\nDie Themen hier sind so bunt und vielf\u00e4ltig wie mein Leben und meine Interessen. Dazu geh\u00f6ren Musik, B\u00fccher, Technik, Natur, Sprachen, Bildung und noch einiges mehr. Der Fokus liegt allerdings auf der Musik.<\/p>\n<p>A bit more:<br \/>\nI&#8217;m interested in a bunch of topics, including music, books, engineering, nature, languages, learning and some more. In this blog, I will write about all of the above, or more, or less, mainly focusing on music.<\/p>\n<p>Kontakt\/contact: andijah&#8217;at&#8217;gmx.net<\/p>\n","protected":false},"excerpt":{"rendered":"<p>In aller K\u00fcrze: Musikerin, Fachwerkhausrenoviererin, LKW-Liebhaberin, kreativ und mehrsprachig. Very short: Musician, restoring an old house, loving trucks, and writing on various topics in German and English, sometimes other languages. Quelquefois je parle fran\u00e7ais. Og \u00e9g tala sm\u00e1 \u00edslensku. Ein &hellip; <a href=\"https:\/\/andijah.eu\/index.php\/about\/\">Continue reading <span class=\"meta-nav\">&rarr;<\/span><\/a><\/p>\n","protected":false},"author":2,"featured_media":0,"parent":0,"menu_order":0,"comment_status":"closed","ping_status":"open","template":"","meta":{"footnotes":""},"class_list":["post-8","page","type-page","status-publish","hentry"],"_links":{"self":[{"href":"https:\/\/andijah.eu\/index.php\/wp-json\/wp\/v2\/pages\/8","targetHints":{"allow":["GET"]}}],"collection":[{"href":"https:\/\/andijah.eu\/index.php\/wp-json\/wp\/v2\/pages"}],"about":[{"href":"https:\/\/andijah.eu\/index.php\/wp-json\/wp\/v2\/types\/page"}],"author":[{"embeddable":true,"href":"https:\/\/andijah.eu\/index.php\/wp-json\/wp\/v2\/users\/2"}],"replies":[{"embeddable":true,"href":"https:\/\/andijah.eu\/index.php\/wp-json\/wp\/v2\/comments?post=8"}],"version-history":[{"count":0,"href":"https:\/\/andijah.eu\/index.php\/wp-json\/wp\/v2\/pages\/8\/revisions"}],"wp:attachment":[{"href":"https:\/\/andijah.eu\/index.php\/wp-json\/wp\/v2\/media?parent=8"}],"curies":[{"name":"wp","href":"https:\/\/api.w.org\/{rel}","templated":true}]}}